{"id":67,"date":"2024-03-27T11:49:52","date_gmt":"2024-03-27T17:49:52","guid":{"rendered":"https:\/\/www.andamiosmega.com\/mega\/?page_id=67"},"modified":"2024-03-28T15:24:09","modified_gmt":"2024-03-28T21:24:09","slug":"home","status":"publish","type":"page","link":"https:\/\/www.andamiosmega.com\/mega\/","title":{"rendered":"home"},"content":{"rendered":"\t\t<div data-elementor-type=\"wp-page\" data-elementor-id=\"67\" class=\"elementor elementor-67\">\n\t\t\t\t<div class=\"elementor-element elementor-element-3e19f2a e-flex e-con-boxed e-con e-parent\" data-id=\"3e19f2a\" data-element_type=\"container\" data-e-type=\"container\">\n\t\t\t\t\t<div class=\"e-con-inner\">\n\t\t<div class=\"elementor-element elementor-element-e12cc4d e-con-full e-flex e-con e-child\" data-id=\"e12cc4d\" data-element_type=\"container\" data-e-type=\"container\">\n\t\t\t\t<div class=\"elementor-element elementor-element-ef295dd elementor-widget elementor-widget-image\" data-id=\"ef295dd\" data-element_type=\"widget\" data-e-type=\"widget\" data-widget_type=\"image.default\">\n\t\t\t\t<div class=\"elementor-widget-container\">\n\t\t\t\t\t\t\t\t\t\t\t\t\t\t\t<img fetchpriority=\"high\" decoding=\"async\" width=\"750\" height=\"1000\" src=\"https:\/\/www.andamiosmega.com\/mega\/wp-content\/uploads\/2024\/03\/andamios-MEGA-768x1024.jpg\" class=\"attachment-large size-large wp-image-16\" alt=\"\" srcset=\"https:\/\/www.andamiosmega.com\/mega\/wp-content\/uploads\/2024\/03\/andamios-MEGA-768x1024.jpg 768w, https:\/\/www.andamiosmega.com\/mega\/wp-content\/uploads\/2024\/03\/andamios-MEGA-225x300.jpg 225w, https:\/\/www.andamiosmega.com\/mega\/wp-content\/uploads\/2024\/03\/andamios-MEGA.jpg 960w\" sizes=\"(max-width: 750px) 100vw, 750px\" \/>\t\t\t\t\t\t\t\t\t\t\t\t\t\t\t<\/div>\n\t\t\t\t<\/div>\n\t\t\t\t<\/div>\n\t\t<div class=\"elementor-element elementor-element-301c53d e-con-full e-flex e-con e-child\" data-id=\"301c53d\" data-element_type=\"container\" data-e-type=\"container\">\n\t\t\t\t<div class=\"elementor-element elementor-element-e218bcb elementor-widget elementor-widget-text-editor\" data-id=\"e218bcb\" data-element_type=\"widget\" data-e-type=\"widget\" data-widget_type=\"text-editor.default\">\n\t\t\t\t<div class=\"elementor-widget-container\">\n\t\t\t\t\t\t\t\t\t<div class=\"uagb-ifb-title-wrap\"><p class=\"uagb-ifb-title\"><span style=\"color: #000000;\"><strong>Andamios MEGA\u200b<\/strong><\/span><\/p><\/div><p class=\"uagb-ifb-desc\"><span style=\"color: #000000;\">Empresa 100% Mexicana dedicada a la venta, renta y fabricante de andamios, siendo una empresa con la mejor atenci\u00f3n y amabilidad que esperas, con m\u00e1s de 20 a\u00f1os de experiencia, ofreciendo un servicio de alta calidad, teniendo los mejores precios del mercado y esforz\u00e1ndonos en cumplir las exigencias de nuestros clientes dando un servicio de primera y entrega inmediata.<\/span><\/p>\t\t\t\t\t\t\t\t<\/div>\n\t\t\t\t<\/div>\n\t\t\t\t<\/div>\n\t\t\t\t\t<\/div>\n\t\t\t\t<\/div>\n\t\t<div class=\"elementor-element elementor-element-da16573 e-flex e-con-boxed e-con e-parent\" data-id=\"da16573\" data-element_type=\"container\" data-e-type=\"container\">\n\t\t\t\t\t<div class=\"e-con-inner\">\n\t\t\t\t<div class=\"elementor-element elementor-element-fcdcac8 elementor-widget elementor-widget-heading\" data-id=\"fcdcac8\" data-element_type=\"widget\" data-e-type=\"widget\" data-widget_type=\"heading.default\">\n\t\t\t\t<div class=\"elementor-widget-container\">\n\t\t\t\t\t<h4 class=\"elementor-heading-title elementor-size-default\">FABRICACI\u00d3N, VENTA Y\u00a0RENTA DE ANDAMIOS<\/h4>\t\t\t\t<\/div>\n\t\t\t\t<\/div>\n\t\t\t\t\t<\/div>\n\t\t\t\t<\/div>\n\t\t<div class=\"elementor-element elementor-element-c16514f e-flex e-con-boxed e-con e-parent\" data-id=\"c16514f\" data-element_type=\"container\" data-e-type=\"container\">\n\t\t\t\t\t<div class=\"e-con-inner\">\n\t\t\t\t<div class=\"elementor-element elementor-element-cda9e39 elementor-widget elementor-widget-text-editor\" data-id=\"cda9e39\" data-element_type=\"widget\" data-e-type=\"widget\" data-widget_type=\"text-editor.default\">\n\t\t\t\t<div class=\"elementor-widget-container\">\n\t\t\t\t\t\t\t\t\t<p class=\"wp-block-heading has-text-align-center has-ast-global-color-5-color has-vivid-red-background-color has-text-color has-background\" style=\"text-align: center;\"><span style=\"color: #ffffff;\"><strong>empresa con la mejor atenci\u00f3n y amabilidad<\/strong><\/span><\/p>\t\t\t\t\t\t\t\t<\/div>\n\t\t\t\t<\/div>\n\t\t\t\t\t<\/div>\n\t\t\t\t<\/div>\n\t\t\t\t<\/div>\n\t\t","protected":false},"excerpt":{"rendered":"<p>Andamios MEGA\u200b Empresa 100% Mexicana dedicada a la venta, renta y fabricante de andamios, siendo una empresa con la mejor atenci\u00f3n y amabilidad que esperas, con m\u00e1s de 20 a\u00f1os de experiencia, ofreciendo un servicio de alta calidad, teniendo los mejores precios del mercado y esforz\u00e1ndonos en cumplir las exigencias [&hellip;]<\/p>\n","protected":false},"author":1,"featured_media":0,"parent":0,"menu_order":0,"comment_status":"closed","ping_status":"closed","template":"","meta":{"footnotes":""},"class_list":["post-67","page","type-page","status-publish","hentry"],"_links":{"self":[{"href":"https:\/\/www.andamiosmega.com\/mega\/wp-json\/wp\/v2\/pages\/67","targetHints":{"allow":["GET"]}}],"collection":[{"href":"https:\/\/www.andamiosmega.com\/mega\/wp-json\/wp\/v2\/pages"}],"about":[{"href":"https:\/\/www.andamiosmega.com\/mega\/wp-json\/wp\/v2\/types\/page"}],"author":[{"embeddable":true,"href":"https:\/\/www.andamiosmega.com\/mega\/wp-json\/wp\/v2\/users\/1"}],"replies":[{"embeddable":true,"href":"https:\/\/www.andamiosmega.com\/mega\/wp-json\/wp\/v2\/comments?post=67"}],"version-history":[{"count":29,"href":"https:\/\/www.andamiosmega.com\/mega\/wp-json\/wp\/v2\/pages\/67\/revisions"}],"predecessor-version":[{"id":193,"href":"https:\/\/www.andamiosmega.com\/mega\/wp-json\/wp\/v2\/pages\/67\/revisions\/193"}],"wp:attachment":[{"href":"https:\/\/www.andamiosmega.com\/mega\/wp-json\/wp\/v2\/media?parent=67"}],"curies":[{"name":"wp","href":"https:\/\/api.w.org\/{rel}","templated":true}]}}